{"id":1368,"date":"2018-10-05T10:21:13","date_gmt":"2018-10-05T16:21:13","guid":{"rendered":"http:\/\/new.investmazatlan.com\/aviso-de-privacidad\/?lang=en"},"modified":"2018-10-05T10:22:13","modified_gmt":"2018-10-05T16:22:13","slug":"aviso-de-privacidad","status":"publish","type":"page","link":"https:\/\/www.investmazatlan.com\/en\/aviso-de-privacidad\/","title":{"rendered":"Privacy Policy"},"content":{"rendered":"<p>La protecci\u00f3n de sus datos personales es muy importante, es por eso que de conformidad con las disposiciones contenidas en la Ley Federal de Protecci\u00f3n de Datos Personales en Posesi\u00f3n de los Particulares, hemos elaborado este aviso para dar cumplimiento y tiene como fin informarle el tipo de datos personales que recabamos de Usted, como los usamos, manejamos y aprovechamos, as\u00ed como tambi\u00e9n con quien los compartimos.<\/p>\n<ol>\n<li><strong>Responsable del uso de los datos personales.<\/strong><\/li>\n<\/ol>\n<p>Para efectos del presente Aviso de Privacidad, Sylwia DeSoto, quien opera bajo el nombre comercial Invest Mazatl\u00e1n, con domicilio en Insurgentes No. 214-A, Col. Flamingos, C.P. 82149, Mazatl\u00e1n, Sinaloa, tel\u00e9fono 669 981 24 27 y direcci\u00f3n de correo electr\u00f3nico info@investmazatlan.com\u00a0 es el responsable la obtenci\u00f3n, del uso, manejo, almacenamiento y protecci\u00f3n de los datos personales que recabe directamente o indirectamente de sus clientes.<\/p>\n<ol start=\"2\">\n<li><strong>Datos personales recabados.<\/strong><\/li>\n<\/ol>\n<p>Como cliente de alguno de nuestros servicios le podemos solicitar informaci\u00f3n y documentaci\u00f3n personal, que var\u00eda seg\u00fan el caso, relativa a: (I)\u00a0<u>Datos de identificaci\u00f3n:<\/u>\u00a0nombre completo, direcci\u00f3n tanto particular o de oficina, fecha de nacimiento, estado civil, nacionalidad, Clave \u00danica de Registro de Poblaci\u00f3n (CURP). (II)\u00a0<u>Datos laborales:<\/u>\u00a0Ocupaci\u00f3n, Registro Federal de Contribuyentes (RFC), puesto, domicilio de trabajo, referencias laborales. (III)\u00a0<u>Datos de contacto:<\/u>Su correo electr\u00f3nico y n\u00fameros telef\u00f3nicos tanto particular o de oficina. (IV)\u00a0<u>Datos patrimoniales:<\/u>\u00a0como cuentas bancarias, cr\u00e9ditos, bienes muebles e inmuebles, activos, pasivos, informaci\u00f3n fiscal, entre otros. (V)\u00a0<u>Datos personales:<\/u>\u00a0Informaci\u00f3n sobre su c\u00f3nyuge, herederos, legatarios y beneficiarios. (VI)\u00a0<u>Documentaci\u00f3n:<\/u>\u00a0Comprobantes oficiales que acrediten su identidad (Identificaci\u00f3n oficial, CURP, Pasaporte), acta de nacimiento, acta de matrimonio y cualquier otra documentaci\u00f3n sobre la informaci\u00f3n que usted declara.<\/p>\n<ol start=\"3\">\n<li><strong>Transferencia y finalidad para la utilizaci\u00f3n de los datos personales.<\/strong><\/li>\n<\/ol>\n<p>Sus datos personales son tratados por el personal adscrito a esta Inmobiliaria, y podr\u00e1n ser transferidos a terceros nacionales e internacionales en caso de ser necesario para el cumplimiento de las obligaciones contra\u00eddas en el contrato de prestaci\u00f3n de servicios celebrado con esta Inmobiliaria, algunos de sus datos podr\u00e1n ser transferidos a peritos valuadores, abogados, notarios p\u00fablicos, comisionistas gestores de investigaci\u00f3n crediticia, Instituciones de cr\u00e9dito corredores de bienes ra\u00edces con quienes tengamos celebrados acuerdos de promoci\u00f3n de inmuebles, as\u00ed como la oficina de Registro P\u00fablico de la Propiedad y autoridades tributarias.<\/p>\n<p>Los datos personales que recabamos de usted, los utilizaremos para las siguientes finalidades que son necesarias para el servicio que solicita: (I) Para confirmar su identidad. (II) Para elaborar un contrato de prestaci\u00f3n de servicios entre la Inmobiliaria y el Cliente, para establecer t\u00e9rminos y condiciones sobre la promoci\u00f3n del inmueble propiedad del Cliente. (III) Para la preparaci\u00f3n de contratos de arrendamiento, promesa de compraventa, compraventa, traspaso, y cualquier otro documento que sea necesario en una operaci\u00f3n de compraventa o arrendamiento. (IV) Para promoci\u00f3n del inmueble en medios impresos o electr\u00f3nicos, as\u00ed como boletines o bolsas inmobiliarias. (V) Para realizar cualquier gesti\u00f3n que permita confirmar la situaci\u00f3n legal del inmueble administrado por la Inmobiliaria. (VI) Para coordinar citas con Prospectos en el domicilio del inmueble propiedad del Cliente y administrado por la Inmobiliaria. (VII) Para intercambiar informaci\u00f3n y propuestas entre el Prospecto y el Cliente relacionadas con el inmueble administrado por la Inmobiliaria. (VIII) Para investigar la integridad crediticia y legal del Cliente (IX) Con la finalidad de cerrar todo tipo de operaciones inmobiliarias entre el Prospecto y el Cliente. (X) Para elaborar facturas y comprobantes de pago.<\/p>\n<p>De igual forma los datos personales recabados tambi\u00e9n podr\u00e1n ser usados para atender requerimientos legales de autoridades competentes.<\/p>\n<p>Sylwia DeSoto o Invest Mazatl\u00e1n no es responsable de la veracidad ni la precisi\u00f3n de los datos que usted les ha proporcionado, ni tampoco los ha verificado, sino que \u00fanicamente los recibe, registra y conserva. Asimismo, usted declara y confirma que cuenta con el consentimiento expreso de aquellas personas de las cuales tambi\u00e9n proporciona informaci\u00f3n personal, como los son, ejemplificativamente, c\u00f3nyuge, concubina(o), dependientes econ\u00f3micos, parientes, referencias profesionales, etc.<\/p>\n<ol start=\"4\">\n<li><strong>Pol\u00edtica de datos sensibles.<\/strong><\/li>\n<\/ol>\n<p>Como pol\u00edtica interna nuestra, no solicitamos ninguna informaci\u00f3n que bajo la Ley se entiende como datos sensibles, tales como: religi\u00f3n, preferencias sexuales, opiniones pol\u00edticas, posturas ideol\u00f3gicas, entre otros. En caso de que usted proporcione datos sensibles ser\u00e1n tratados y salvaguardadados en t\u00e9rminos de la Ley.<\/p>\n<ol start=\"5\">\n<li><strong>Medios para ejercer los derechos del cliente (Derechos ARCO)<\/strong><\/li>\n<\/ol>\n<p>En cualquier momento usted o su representante legal debidamente acreditado, podr\u00e1n ejercer los derechos de Acceso, Rectificaci\u00f3n cuando consideren que son err\u00f3neos o inexactos, Cancelaci\u00f3n en caso de que considere que los datos no son tratados de forma adecuada y Oposici\u00f3n en caso de que no quiera que sus datos sean tratados para finalidades espec\u00edficas. El ejercicio de uno de ellos no impide el ejercicio del otro y ninguno es presupuesto para el ejercicio de otro.<\/p>\n<p>Para ejercer sus derechos ARCO, deber\u00e1 presentar su solicitud en nuestro domicilio ubicado en Insurgentes No. 214-A, Col. Flamingos, C.P. 82149, Mazatl\u00e1n, Sinaloa, tel\u00e9fono 669 981 24 27 o enviarla a nuestro departamento de datos personales al correo electr\u00f3nico info@investmazatlan.com<br \/>\nLa solicitud deber\u00e1 contener los siguientes datos: (I) Nombre del cliente. (II) Domicilio y direcci\u00f3n de correo electr\u00f3nico para notificarle la respuesta a su solicitud. (III) Descripci\u00f3n clara y precisa de los datos respecto de los cuales se busca ejercer el derecho correspondiente. (IV) El objeto de la solicitud y cualquier elemento que facilite la localizaci\u00f3n de los datos \u00a0y se deber\u00e1 anexar copia de su identificaci\u00f3n y en su caso el documento mediante el cual se acredite la representaci\u00f3n legal.<\/p>\n<p>En el caso de solicitudes de rectificaci\u00f3n, el cliente deber\u00e1 indicar adem\u00e1s, las modificaciones a realizarse y aportar la documentaci\u00f3n que sustente su petici\u00f3n.<\/p>\n<p>El plazo de respuesta de su solicitud ser\u00e1 de 20 d\u00edas h\u00e1biles contados a partir del d\u00eda en que se recibi\u00f3 la solicitud de acceso, rectificaci\u00f3n, cancelaci\u00f3n y oposici\u00f3n correspondiente. La respuesta le ser\u00e1 comunicada dentro del plazo antes mencionado a la direcci\u00f3n de correo electr\u00f3nico que proporcion\u00f3 en su solicitud o enviando carta al domicilio proporcionado en la misma. Una vez recibida dicha notificaci\u00f3n tendr\u00e1 un plazo de 15 d\u00edas h\u00e1biles para hacerla efectiva en caso de ser procedente.<br \/>\nEn cualquier momento podr\u00e1 revocar el consentimiento que nos ha otorgado para el tratamiento de sus datos personales, de tal forma que dejemos hacer uso de los mismos. Para ello deber\u00e1 presentar una solicitud en los t\u00e9rminos mencionados para el ejercicio de los derechos ARCO. El procedimiento a seguir ser\u00e1 el mismo que el previsto para el ejercicio de los derechos ARCO. En caso de ser procedente su solicitud sus datos dejaran de ser tratados por la Inmobiliaria.<\/p>\n<ol start=\"6\">\n<li><strong>Modificaciones al Aviso de Privacidad<\/strong><\/li>\n<\/ol>\n<p>Cualquier cambio al presente Aviso de Privacidad, le ser\u00e1 informado a trav\u00e9s de los siguientes medios: (I) Mediante anuncios en el lugar visible del \u00e1rea de operativa de la Inmobiliaria. (II) Por medio de la p\u00e1gina web de la Inmobiliaria www.investmazatlan.com<br \/>\nDe igual manera, se le informa a los clientes, que el Aviso de Privacidad podr\u00e1 ser modificado en cualquier momento con la finalidad de atender novedades legislativas, as\u00ed como modificaci\u00f3n de pol\u00edticas internas de la Inmobiliaria.<\/p>\n","protected":false},"excerpt":{"rendered":"<p>La protecci\u00f3n de sus datos personales es muy importante, es por eso que de conformidad con las disposiciones contenidas en la Ley Federal de Protecci\u00f3n de Datos Personales en Posesi\u00f3n de los Particulares, hemos elaborado este aviso para dar cumplimiento y tiene como fin informarle el tipo de datos personales que recabamos de Usted, como&#8230;<\/p>\n","protected":false},"author":1,"featured_media":0,"parent":0,"menu_order":0,"comment_status":"closed","ping_status":"closed","template":"","meta":{"_joinchat":[],"footnotes":""},"class_list":["post-1368","page","type-page","status-publish","hentry"],"yoast_head":"<!-- This site is optimized with the Yoast SEO plugin v27.5 - https:\/\/yoast.com\/product\/yoast-seo-wordpress\/ -->\n<title>Privacy Policy - Invest Mazatl\u00e1n<\/title>\n<meta name=\"robots\" content=\"index, follow, max-snippet:-1, max-image-preview:large, max-video-preview:-1\" \/>\n<link rel=\"canonical\" href=\"https:\/\/www.investmazatlan.com\/en\/aviso-de-privacidad\/\" \/>\n<meta property=\"og:locale\" content=\"en_US\" \/>\n<meta property=\"og:type\" content=\"article\" \/>\n<meta property=\"og:title\" content=\"Privacy Policy - Invest Mazatl\u00e1n\" \/>\n<meta property=\"og:description\" content=\"La protecci\u00f3n de sus datos personales es muy importante, es por eso que de conformidad con las disposiciones contenidas en la Ley Federal de Protecci\u00f3n de Datos Personales en Posesi\u00f3n de los Particulares, hemos elaborado este aviso para dar cumplimiento y tiene como fin informarle el tipo de datos personales que recabamos de Usted, como...\" \/>\n<meta property=\"og:url\" content=\"https:\/\/www.investmazatlan.com\/en\/aviso-de-privacidad\/\" \/>\n<meta property=\"og:site_name\" content=\"Invest Mazatl\u00e1n\" \/>\n<meta property=\"article:modified_time\" content=\"2018-10-05T16:22:13+00:00\" \/>\n<meta name=\"twitter:card\" content=\"summary_large_image\" \/>\n<meta name=\"twitter:label1\" content=\"Est. reading time\" \/>\n\t<meta name=\"twitter:data1\" content=\"6 minutes\" \/>\n<script type=\"application\/ld+json\" class=\"yoast-schema-graph\">{\"@context\":\"https:\\\/\\\/schema.org\",\"@graph\":[{\"@type\":\"WebPage\",\"@id\":\"https:\\\/\\\/www.investmazatlan.com\\\/en\\\/aviso-de-privacidad\\\/\",\"url\":\"https:\\\/\\\/www.investmazatlan.com\\\/en\\\/aviso-de-privacidad\\\/\",\"name\":\"Privacy Policy - Invest Mazatl\u00e1n\",\"isPartOf\":{\"@id\":\"https:\\\/\\\/www.investmazatlan.com\\\/en\\\/#website\"},\"datePublished\":\"2018-10-05T16:21:13+00:00\",\"dateModified\":\"2018-10-05T16:22:13+00:00\",\"breadcrumb\":{\"@id\":\"https:\\\/\\\/www.investmazatlan.com\\\/en\\\/aviso-de-privacidad\\\/#breadcrumb\"},\"inLanguage\":\"en-US\",\"potentialAction\":[{\"@type\":\"ReadAction\",\"target\":[\"https:\\\/\\\/www.investmazatlan.com\\\/en\\\/aviso-de-privacidad\\\/\"]}]},{\"@type\":\"BreadcrumbList\",\"@id\":\"https:\\\/\\\/www.investmazatlan.com\\\/en\\\/aviso-de-privacidad\\\/#breadcrumb\",\"itemListElement\":[{\"@type\":\"ListItem\",\"position\":1,\"name\":\"Portada\",\"item\":\"https:\\\/\\\/www.investmazatlan.com\\\/en\\\/invest-mazatlan\\\/\"},{\"@type\":\"ListItem\",\"position\":2,\"name\":\"Privacy Policy\"}]},{\"@type\":\"WebSite\",\"@id\":\"https:\\\/\\\/www.investmazatlan.com\\\/en\\\/#website\",\"url\":\"https:\\\/\\\/www.investmazatlan.com\\\/en\\\/\",\"name\":\"Invest Mazatl\u00e1n\",\"description\":\"El mejor equipo inmobiliario de Mazatl\u00e1n\",\"publisher\":{\"@id\":\"https:\\\/\\\/www.investmazatlan.com\\\/en\\\/#organization\"},\"potentialAction\":[{\"@type\":\"SearchAction\",\"target\":{\"@type\":\"EntryPoint\",\"urlTemplate\":\"https:\\\/\\\/www.investmazatlan.com\\\/en\\\/?s={search_term_string}\"},\"query-input\":{\"@type\":\"PropertyValueSpecification\",\"valueRequired\":true,\"valueName\":\"search_term_string\"}}],\"inLanguage\":\"en-US\"},{\"@type\":\"Organization\",\"@id\":\"https:\\\/\\\/www.investmazatlan.com\\\/en\\\/#organization\",\"name\":\"Invest Mazatlan\",\"url\":\"https:\\\/\\\/www.investmazatlan.com\\\/en\\\/\",\"logo\":{\"@type\":\"ImageObject\",\"inLanguage\":\"en-US\",\"@id\":\"https:\\\/\\\/www.investmazatlan.com\\\/en\\\/#\\\/schema\\\/logo\\\/image\\\/\",\"url\":\"https:\\\/\\\/www.investmazatlan.com\\\/wp-content\\\/uploads\\\/2020\\\/04\\\/LOGO.png\",\"contentUrl\":\"https:\\\/\\\/www.investmazatlan.com\\\/wp-content\\\/uploads\\\/2020\\\/04\\\/LOGO.png\",\"width\":283,\"height\":283,\"caption\":\"Invest Mazatlan\"},\"image\":{\"@id\":\"https:\\\/\\\/www.investmazatlan.com\\\/en\\\/#\\\/schema\\\/logo\\\/image\\\/\"}}]}<\/script>\n<!-- \/ Yoast SEO plugin. -->","yoast_head_json":{"title":"Privacy Policy - Invest Mazatl\u00e1n","robots":{"index":"index","follow":"follow","max-snippet":"max-snippet:-1","max-image-preview":"max-image-preview:large","max-video-preview":"max-video-preview:-1"},"canonical":"https:\/\/www.investmazatlan.com\/en\/aviso-de-privacidad\/","og_locale":"en_US","og_type":"article","og_title":"Privacy Policy - Invest Mazatl\u00e1n","og_description":"La protecci\u00f3n de sus datos personales es muy importante, es por eso que de conformidad con las disposiciones contenidas en la Ley Federal de Protecci\u00f3n de Datos Personales en Posesi\u00f3n de los Particulares, hemos elaborado este aviso para dar cumplimiento y tiene como fin informarle el tipo de datos personales que recabamos de Usted, como...","og_url":"https:\/\/www.investmazatlan.com\/en\/aviso-de-privacidad\/","og_site_name":"Invest Mazatl\u00e1n","article_modified_time":"2018-10-05T16:22:13+00:00","twitter_card":"summary_large_image","twitter_misc":{"Est. reading time":"6 minutes"},"schema":{"@context":"https:\/\/schema.org","@graph":[{"@type":"WebPage","@id":"https:\/\/www.investmazatlan.com\/en\/aviso-de-privacidad\/","url":"https:\/\/www.investmazatlan.com\/en\/aviso-de-privacidad\/","name":"Privacy Policy - Invest Mazatl\u00e1n","isPartOf":{"@id":"https:\/\/www.investmazatlan.com\/en\/#website"},"datePublished":"2018-10-05T16:21:13+00:00","dateModified":"2018-10-05T16:22:13+00:00","breadcrumb":{"@id":"https:\/\/www.investmazatlan.com\/en\/aviso-de-privacidad\/#breadcrumb"},"inLanguage":"en-US","potentialAction":[{"@type":"ReadAction","target":["https:\/\/www.investmazatlan.com\/en\/aviso-de-privacidad\/"]}]},{"@type":"BreadcrumbList","@id":"https:\/\/www.investmazatlan.com\/en\/aviso-de-privacidad\/#breadcrumb","itemListElement":[{"@type":"ListItem","position":1,"name":"Portada","item":"https:\/\/www.investmazatlan.com\/en\/invest-mazatlan\/"},{"@type":"ListItem","position":2,"name":"Privacy Policy"}]},{"@type":"WebSite","@id":"https:\/\/www.investmazatlan.com\/en\/#website","url":"https:\/\/www.investmazatlan.com\/en\/","name":"Invest Mazatl\u00e1n","description":"El mejor equipo inmobiliario de Mazatl\u00e1n","publisher":{"@id":"https:\/\/www.investmazatlan.com\/en\/#organization"},"potentialAction":[{"@type":"SearchAction","target":{"@type":"EntryPoint","urlTemplate":"https:\/\/www.investmazatlan.com\/en\/?s={search_term_string}"},"query-input":{"@type":"PropertyValueSpecification","valueRequired":true,"valueName":"search_term_string"}}],"inLanguage":"en-US"},{"@type":"Organization","@id":"https:\/\/www.investmazatlan.com\/en\/#organization","name":"Invest Mazatlan","url":"https:\/\/www.investmazatlan.com\/en\/","logo":{"@type":"ImageObject","inLanguage":"en-US","@id":"https:\/\/www.investmazatlan.com\/en\/#\/schema\/logo\/image\/","url":"https:\/\/www.investmazatlan.com\/wp-content\/uploads\/2020\/04\/LOGO.png","contentUrl":"https:\/\/www.investmazatlan.com\/wp-content\/uploads\/2020\/04\/LOGO.png","width":283,"height":283,"caption":"Invest Mazatlan"},"image":{"@id":"https:\/\/www.investmazatlan.com\/en\/#\/schema\/logo\/image\/"}}]}},"_links":{"self":[{"href":"https:\/\/www.investmazatlan.com\/en\/wp-json\/wp\/v2\/pages\/1368","targetHints":{"allow":["GET"]}}],"collection":[{"href":"https:\/\/www.investmazatlan.com\/en\/wp-json\/wp\/v2\/pages"}],"about":[{"href":"https:\/\/www.investmazatlan.com\/en\/wp-json\/wp\/v2\/types\/page"}],"author":[{"embeddable":true,"href":"https:\/\/www.investmazatlan.com\/en\/wp-json\/wp\/v2\/users\/1"}],"replies":[{"embeddable":true,"href":"https:\/\/www.investmazatlan.com\/en\/wp-json\/wp\/v2\/comments?post=1368"}],"version-history":[{"count":1,"href":"https:\/\/www.investmazatlan.com\/en\/wp-json\/wp\/v2\/pages\/1368\/revisions"}],"predecessor-version":[{"id":1369,"href":"https:\/\/www.investmazatlan.com\/en\/wp-json\/wp\/v2\/pages\/1368\/revisions\/1369"}],"wp:attachment":[{"href":"https:\/\/www.investmazatlan.com\/en\/wp-json\/wp\/v2\/media?parent=1368"}],"curies":[{"name":"wp","href":"https:\/\/api.w.org\/{rel}","templated":true}]}}